{"id":7,"date":"2025-12-22T14:56:01","date_gmt":"2025-12-22T14:56:01","guid":{"rendered":"https:\/\/auroratravels.de\/?page_id=7"},"modified":"2026-03-14T12:03:49","modified_gmt":"2026-03-14T12:03:49","slug":"home","status":"publish","type":"page","link":"https:\/\/auroratravels.de\/en\/","title":{"rendered":"Home"},"content":{"rendered":"<div data-elementor-type=\"wp-post\" data-elementor-id=\"7\" class=\"elementor elementor-7\">\n\t\t\t\t<div class=\"elementor-element elementor-element-f1cdf64 e-flex e-con-boxed e-con e-parent\" data-id=\"f1cdf64\" data-element_type=\"container\" data-e-type=\"container\">\n\t\t\t\t\t<div class=\"e-con-inner\">\n\t\t\t\t<div class=\"elementor-element elementor-element-2584357 elementor-widget elementor-widget-text-editor\" data-id=\"2584357\" data-element_type=\"widget\" data-e-type=\"widget\" data-widget_type=\"text-editor.default\">\n\t\t\t\t\t\t\t\t\t<p style=\"text-align: center;\"><a href=\"https:\/\/auroratravels.de\/en\/abzugshaube\/\">Extractor hood<\/a><\/p><p style=\"text-align: center;\"><a href=\"https:\/\/auroratravels.de\/en\/balkontur-2\/\">Extractor hood<\/a><\/p><p style=\"text-align: center;\"><a href=\"https:\/\/auroratravels.de\/en\/beamer-2\/\">Projector<\/a><\/p><p style=\"text-align: center;\"><a href=\"https:\/\/auroratravels.de\/en\/fenster-2\/\">Window<\/a><\/p><p style=\"text-align: center;\"><a href=\"https:\/\/auroratravels.de\/en\/kaffeemaschine-2\/\">Coffee machine<\/a><\/p><p style=\"text-align: center;\"><a href=\"https:\/\/auroratravels.de\/en\/kamin-2\/\">Fireplace<\/a><\/p><p style=\"text-align: center;\"><a href=\"https:\/\/auroratravels.de\/en\/klima-2\/\">Air conditioning<\/a><\/p><p style=\"text-align: center;\"><a href=\"https:\/\/auroratravels.de\/en\/kota-2\/\">Kota<\/a><\/p><p style=\"text-align: center;\"><a href=\"https:\/\/auroratravels.de\/en\/sauna-2\/\">Sauna<\/a><\/p><p style=\"text-align: center;\"><a href=\"https:\/\/auroratravels.de\/en\/schluessel\/\">Key<\/a><\/p><p style=\"text-align: center;\"><a href=\"https:\/\/auroratravels.de\/en\/spuelmaschine\/\">Dishwasher<\/a><\/p><p style=\"text-align: center;\"><a href=\"https:\/\/auroratravels.de\/en\/waschmaschine-2\/\">Washing machine<\/a><\/p><p style=\"text-align: center;\"><a href=\"https:\/\/auroratravels.de\/en\/wasserleitung-2\/\">Water pipe<\/a><\/p>\t\t\t\t\t\t\t\t<\/div>\n\t\t\t\t\t<\/div>\n\t\t\t\t<\/div>\n\t\t\t\t<\/div>","protected":false},"excerpt":{"rendered":"<p>Abzugshaube Balkont\u00fcr Beamer Fenster Kaffeemaschine Kamin Klima Kota Sauna Schl\u00fcssel Sp\u00fclmaschine Waschmaschine Wasserleitung<\/p>","protected":false},"author":1,"featured_media":0,"parent":0,"menu_order":0,"comment_status":"closed","ping_status":"closed","template":"elementor_header_footer","meta":{"footnotes":""},"class_list":["post-7","page","type-page","status-publish","hentry"],"_links":{"self":[{"href":"https:\/\/auroratravels.de\/en\/wp-json\/wp\/v2\/pages\/7","targetHints":{"allow":["GET"]}}],"collection":[{"href":"https:\/\/auroratravels.de\/en\/wp-json\/wp\/v2\/pages"}],"about":[{"href":"https:\/\/auroratravels.de\/en\/wp-json\/wp\/v2\/types\/page"}],"author":[{"embeddable":true,"href":"https:\/\/auroratravels.de\/en\/wp-json\/wp\/v2\/users\/1"}],"replies":[{"embeddable":true,"href":"https:\/\/auroratravels.de\/en\/wp-json\/wp\/v2\/comments?post=7"}],"version-history":[{"count":31,"href":"https:\/\/auroratravels.de\/en\/wp-json\/wp\/v2\/pages\/7\/revisions"}],"predecessor-version":[{"id":123,"href":"https:\/\/auroratravels.de\/en\/wp-json\/wp\/v2\/pages\/7\/revisions\/123"}],"wp:attachment":[{"href":"https:\/\/auroratravels.de\/en\/wp-json\/wp\/v2\/media?parent=7"}],"curies":[{"name":"wp","href":"https:\/\/api.w.org\/{rel}","templated":true}]}}